{"id":11,"date":"2024-10-17T18:33:18","date_gmt":"2024-10-17T18:33:18","guid":{"rendered":"http:\/\/192.168.1.77:8000\/?page_id=11"},"modified":"2025-05-26T20:29:52","modified_gmt":"2025-05-26T20:29:52","slug":"home","status":"publish","type":"page","link":"https:\/\/servipumps.com\/","title":{"rendered":"Home"},"content":{"rendered":"\n<div class=\"wp-block-uagb-container uagb-layout-grid uagb-block-f2002f91 alignfull uagb-is-root-container\"><div class=\"uagb-container-inner-blocks-wrap\">\n<div class=\"wp-block-columns is-layout-flex wp-container-core-columns-is-layout-28f84493 wp-block-columns-is-layout-flex\">\n<div class=\"wp-block-column is-layout-flow wp-block-column-is-layout-flow\" style=\"flex-basis:100%\">\n<div class=\"wp-block-uagb-info-box uagb-block-180ac6e6 uagb-infobox__content-wrap  uagb-infobox-icon-above-title uagb-infobox-image-valign-top\"><div class=\"uagb-ifb-content\"><div class=\"uagb-ifb-title-wrap\"><h1 class=\"uagb-ifb-title\">Mantenimiento y reparaci\u00f3n de bombas<\/h1><\/div><p class=\"uagb-ifb-desc\">Con m\u00e1s de 40 a\u00f1os de experiencia.<\/p><div class=\"uagb-ifb-button-wrapper wp-block-button\"><a href=\"?page_id=13\" class=\"uagb-infobox-cta-link wp-block-button__link\" target=\"_self\" rel=\"noopener noreferrer\" onclick=\"return true;\"><span class=\"uagb-inline-editing\">Conoce m\u00e1s<\/span><\/a><\/div><\/div><\/div>\n<\/div>\n<\/div>\n<\/div><\/div>\n\n\n\n<div class=\"wp-block-uagb-container uagb-layout-grid uagb-block-c3878d39 alignfull uagb-is-root-container\"><div class=\"uagb-container-inner-blocks-wrap\">\n<div class=\"wp-block-uagb-image alignleft uagb-block-1c92cac7 wp-block-uagb-image--layout-default wp-block-uagb-image--effect-static wp-block-uagb-image--align-left\"><figure class=\"wp-block-uagb-image__figure\"><img loading=\"lazy\" decoding=\"async\" srcset=\"https:\/\/servipumps.com\/wp-content\/uploads\/2025\/02\/4c4522dd-8d39-4370-84df-1201745178c5.jpg ,https:\/\/servipumps.com\/wp-content\/uploads\/2025\/02\/4c4522dd-8d39-4370-84df-1201745178c5.jpg 780w, https:\/\/servipumps.com\/wp-content\/uploads\/2025\/02\/4c4522dd-8d39-4370-84df-1201745178c5.jpg 360w\" sizes=\"auto, (max-width: 480px) 150px\" src=\"https:\/\/servipumps.com\/wp-content\/uploads\/2025\/02\/4c4522dd-8d39-4370-84df-1201745178c5.jpg\" alt=\"\" class=\"uag-image-256\" width=\"505\" height=\"500\" title=\"4c4522dd-8d39-4370-84df-1201745178c5\" loading=\"lazy\" role=\"img\"\/><\/figure><\/div>\n\n\n\n<div class=\"wp-block-uagb-info-box uagb-block-cc48bcab uagb-infobox__content-wrap  uagb-infobox-icon-above-title uagb-infobox-image-valign-top\"><div class=\"uagb-ifb-content\"><div class=\"uagb-ifb-title-wrap\"><h5 class=\"uagb-ifb-title-prefix\">\u00bfQui\u00e9nes somos?<\/h5><h2 class=\"uagb-ifb-title\"><br><strong>Servicio Integral para Bombas<\/strong><\/h2><\/div><p class=\"uagb-ifb-desc\"><strong>Servipumps S. A. DE C. V.<\/strong>&nbsp;es una empresa 100% mexicana, especializada en la reparaci\u00f3n de bombas centr\u00edfugas, con un profundo conocimiento de las necesidades en mantenimiento preventivo y correctivo, as\u00ed como en la optimizaci\u00f3n y confiabilidad de la operaci\u00f3n de equipos de bombeo.<\/p><div class=\"uagb-ifb-button-wrapper wp-block-button\"><a href=\"?page_id=15\" class=\"uagb-infobox-cta-link wp-block-button__link\" target=\"_self\" rel=\"noopener noreferrer\" onclick=\"return true;\"><span class=\"uagb-inline-editing\">Conoce m\u00e1s<\/span><\/a><\/div><\/div><\/div>\n<\/div><\/div>\n\n\n\n<div class=\"wp-block-uagb-container uagb-block-aee62949 alignfull uagb-is-root-container\"><div class=\"uagb-container-inner-blocks-wrap\">\n<div class=\"wp-block-uagb-advanced-heading uagb-block-5d255cf4\"><h2 class=\"uagb-heading-text\">Nuestros servicios<\/h2><\/div>\n\n\n\n<div class=\"wp-block-uagb-container uagb-block-32b54f47\">\n<div class=\"wp-block-uagb-info-box uagb-block-dacf7df8 uagb-infobox__content-wrap  uagb-infobox-icon-above-title uagb-infobox-image-valign-top\"><div class=\"uagb-ifb-content\"><div class=\"uagb-ifb-image-content\"><img loading=\"lazy\" decoding=\"async\" src=\"https:\/\/servipumps.com\/wp-content\/uploads\/2025\/02\/d0f86f65-cc2e-499c-9b63-13bd92877852.jpg\" alt=\"\" width=\"1600\" height=\"1200\" loading=\"lazy\"\/><\/div><div class=\"uagb-ifb-title-wrap\"><h4 class=\"uagb-ifb-title\">Reparaci\u00f3n <\/h4><\/div><p class=\"uagb-ifb-desc\">Con m\u00e1s de 40 a\u00f1os de experiencia, nuestro equipo ofrece un servicio integral en la reparaci\u00f3n de bombas centr\u00edfugas de cualquier marca y sus partes. Nos comprometemos a brindar soluciones eficientes y de alta calidad.<\/p><\/div><\/div>\n\n\n\n<div class=\"wp-block-uagb-info-box uagb-block-bc51b5c7 uagb-infobox__content-wrap  uagb-infobox-icon-above-title uagb-infobox-image-valign-top\"><div class=\"uagb-ifb-content\"><div class=\"uagb-ifb-image-content\"><img loading=\"lazy\" decoding=\"async\" src=\"https:\/\/servipumps.com\/wp-content\/uploads\/2025\/02\/b37cbe5f-cc0f-4517-8125-dd81f2dcec16.jpg\" alt=\"\" width=\"1600\" height=\"1200\" loading=\"lazy\"\/><\/div><div class=\"uagb-ifb-title-wrap\"><h4 class=\"uagb-ifb-title\">Mantenimiento<\/h4><\/div><p class=\"uagb-ifb-desc\">Desarrollamos ingenier\u00eda inversa para fabricar refacciones y reparaciones especializadas, incluyendo bombas de multipasos, cantilever, verticales, de pozo profundo y c\u00e1rcamo. <\/p><\/div><\/div>\n\n\n\n<div class=\"wp-block-uagb-info-box uagb-block-273c6546 uagb-infobox__content-wrap  uagb-infobox-icon-above-title uagb-infobox-image-valign-top\"><div class=\"uagb-ifb-content\"><div class=\"uagb-ifb-image-content\"><img loading=\"lazy\" decoding=\"async\" src=\"https:\/\/servipumps.com\/wp-content\/uploads\/2025\/02\/37fa22e1-ea90-4707-984f-e254f1fdf665.jpg\" alt=\"\" width=\"1600\" height=\"1200\" loading=\"lazy\"\/><\/div><div class=\"uagb-ifb-title-wrap\"><h4 class=\"uagb-ifb-title\">Ingenier\u00eda<\/h4><\/div><p class=\"uagb-ifb-desc\">Nuestra experiencia se enfoca en la ingenier\u00eda de dise\u00f1o de refacciones y partes de suministro, ingenier\u00eda de manufactura, desarrollo de modelos hidr\u00e1ulicos y mejoras hidr\u00e1ulicas. <\/p><\/div><\/div>\n<\/div>\n\n\n\n<div class=\"wp-block-uagb-buttons uagb-buttons__outer-wrap uagb-btn__default-btn uagb-btn-tablet__default-btn uagb-btn-mobile__default-btn uagb-block-808cb257\"><div class=\"uagb-buttons__wrap uagb-buttons-layout-wrap \">\n<div class=\"wp-block-uagb-buttons-child uagb-buttons__outer-wrap uagb-block-c1f1e479 wp-block-button\"><div class=\"uagb-button__wrapper\"><a class=\"uagb-buttons-repeater wp-block-button__link\" aria-label=\"\" href=\"?page_id=15\" rel=\"follow noopener\" target=\"_self\" role=\"button\"><div class=\"uagb-button__link\">Todos los servicios<\/div><\/a><\/div><\/div>\n<\/div><\/div>\n<\/div><\/div>\n\n\n\n<div class=\"wp-block-uagb-container uagb-block-2f1b880d alignfull uagb-is-root-container\"><div class=\"uagb-container-inner-blocks-wrap\">\n<div class=\"wp-block-uagb-advanced-heading uagb-block-9a56e4b1\"><h2 class=\"uagb-heading-text\">Nuestro trabajo<\/h2><\/div>\n\n\n\n<div class=\"wp-block-uagb-container uagb-block-f1808ef7\">\n<div class=\"wp-block-uagb-container uagb-block-81c3ce04\">\n<div class=\"wp-block-uagb-image uagb-block-5bc72979 wp-block-uagb-image--layout-default wp-block-uagb-image--effect-static wp-block-uagb-image--align-none\"><figure class=\"wp-block-uagb-image__figure\"><img loading=\"lazy\" decoding=\"async\" srcset=\"https:\/\/servipumps.com\/wp-content\/uploads\/2024\/10\/IMG_2822-edited.jpg ,https:\/\/servipumps.com\/wp-content\/uploads\/2024\/10\/IMG_2822.jpg 780w, https:\/\/servipumps.com\/wp-content\/uploads\/2024\/10\/IMG_2822.jpg 360w\" sizes=\"auto, (max-width: 480px) 150px\" src=\"https:\/\/servipumps.com\/wp-content\/uploads\/2024\/10\/IMG_2822-edited.jpg\" alt=\"\" class=\"uag-image-163\" width=\"275\" height=\"183\" title=\"IMG_2822\" loading=\"lazy\" role=\"img\"\/><\/figure><\/div>\n\n\n\n<div class=\"wp-block-columns is-layout-flex wp-container-core-columns-is-layout-28f84493 wp-block-columns-is-layout-flex\">\n<div class=\"wp-block-column is-layout-flow wp-block-column-is-layout-flow\" style=\"flex-basis:100%\">\n<div class=\"wp-block-uagb-image uagb-block-a119322b wp-block-uagb-image--layout-default wp-block-uagb-image--effect-static wp-block-uagb-image--align-none\"><figure class=\"wp-block-uagb-image__figure\"><img loading=\"lazy\" decoding=\"async\" srcset=\"https:\/\/servipumps.com\/wp-content\/uploads\/2025\/03\/IMG_5383.jpg ,https:\/\/servipumps.com\/wp-content\/uploads\/2025\/03\/IMG_5383.jpg 780w, https:\/\/servipumps.com\/wp-content\/uploads\/2025\/03\/IMG_5383.jpg 360w\" sizes=\"auto, (max-width: 480px) 150px\" src=\"https:\/\/servipumps.com\/wp-content\/uploads\/2025\/03\/IMG_5383.jpg\" alt=\"\" class=\"uag-image-290\" width=\"1000\" height=\"667\" title=\"IMG_5383\" loading=\"lazy\" role=\"img\"\/><\/figure><\/div>\n<\/div>\n<\/div>\n<\/div>\n\n\n\n<div class=\"wp-block-uagb-container uagb-block-b7623bff\">\n<div class=\"wp-block-uagb-image uagb-block-6f88f322 wp-block-uagb-image--layout-default wp-block-uagb-image--effect-static wp-block-uagb-image--align-none\"><figure class=\"wp-block-uagb-image__figure\"><img loading=\"lazy\" decoding=\"async\" srcset=\"https:\/\/servipumps.com\/wp-content\/uploads\/2025\/03\/20230726_114614.jpg ,https:\/\/servipumps.com\/wp-content\/uploads\/2025\/03\/20230726_114614.jpg 780w, https:\/\/servipumps.com\/wp-content\/uploads\/2025\/03\/20230726_114614.jpg 360w\" sizes=\"auto, (max-width: 480px) 150px\" src=\"https:\/\/servipumps.com\/wp-content\/uploads\/2025\/03\/20230726_114614.jpg\" alt=\"\" class=\"uag-image-289\" width=\"300\" height=\"450\" title=\"\" loading=\"lazy\" role=\"presentation\"\/><\/figure><\/div>\n\n\n\n<div class=\"wp-block-uagb-image uagb-block-7c1f53b9 wp-block-uagb-image--layout-default wp-block-uagb-image--effect-static wp-block-uagb-image--align-none\"><figure class=\"wp-block-uagb-image__figure\"><img loading=\"lazy\" decoding=\"async\" srcset=\"https:\/\/servipumps.com\/wp-content\/uploads\/2025\/02\/ca9762a7-d3fe-4096-b078-a339cff4dfdf.jpg ,https:\/\/servipumps.com\/wp-content\/uploads\/2025\/02\/ca9762a7-d3fe-4096-b078-a339cff4dfdf.jpg 780w, https:\/\/servipumps.com\/wp-content\/uploads\/2025\/02\/ca9762a7-d3fe-4096-b078-a339cff4dfdf.jpg 360w\" sizes=\"auto, (max-width: 480px) 150px\" src=\"https:\/\/servipumps.com\/wp-content\/uploads\/2025\/02\/ca9762a7-d3fe-4096-b078-a339cff4dfdf.jpg\" alt=\"\" class=\"uag-image-267\" width=\"700\" height=\"500\" title=\"ca9762a7-d3fe-4096-b078-a339cff4dfdf\" loading=\"lazy\" role=\"img\"\/><\/figure><\/div>\n\n\n\n<div class=\"wp-block-uagb-image uagb-block-19be50aa wp-block-uagb-image--layout-default wp-block-uagb-image--effect-static wp-block-uagb-image--align-none\"><figure class=\"wp-block-uagb-image__figure\"><img loading=\"lazy\" decoding=\"async\" srcset=\"https:\/\/servipumps.com\/wp-content\/uploads\/2025\/02\/d0f86f65-cc2e-499c-9b63-13bd92877852.jpg ,https:\/\/servipumps.com\/wp-content\/uploads\/2025\/02\/d0f86f65-cc2e-499c-9b63-13bd92877852.jpg 780w, https:\/\/servipumps.com\/wp-content\/uploads\/2025\/02\/d0f86f65-cc2e-499c-9b63-13bd92877852.jpg 360w\" sizes=\"auto, (max-width: 480px) 150px\" src=\"https:\/\/servipumps.com\/wp-content\/uploads\/2025\/02\/d0f86f65-cc2e-499c-9b63-13bd92877852.jpg\" alt=\"\" class=\"uag-image-268\" width=\"275\" height=\"183\" title=\"d0f86f65-cc2e-499c-9b63-13bd92877852\" loading=\"lazy\" role=\"img\"\/><\/figure><\/div>\n<\/div>\n\n\n\n<div class=\"wp-block-uagb-container uagb-block-6b12da74\">\n<div class=\"wp-block-uagb-image uagb-block-c679da99 wp-block-uagb-image--layout-default wp-block-uagb-image--effect-static wp-block-uagb-image--align-none\"><figure class=\"wp-block-uagb-image__figure\"><img loading=\"lazy\" decoding=\"async\" srcset=\"https:\/\/servipumps.com\/wp-content\/uploads\/2025\/02\/c35efa78-45a3-481e-8110-4a4be0b25a8a.jpg ,https:\/\/servipumps.com\/wp-content\/uploads\/2025\/02\/c35efa78-45a3-481e-8110-4a4be0b25a8a.jpg 780w, https:\/\/servipumps.com\/wp-content\/uploads\/2025\/02\/c35efa78-45a3-481e-8110-4a4be0b25a8a.jpg 360w\" sizes=\"auto, (max-width: 480px) 150px\" src=\"https:\/\/servipumps.com\/wp-content\/uploads\/2025\/02\/c35efa78-45a3-481e-8110-4a4be0b25a8a.jpg\" alt=\"\" class=\"uag-image-266\" width=\"1000\" height=\"1500\" title=\"c35efa78-45a3-481e-8110-4a4be0b25a8a\" loading=\"lazy\" role=\"img\"\/><\/figure><\/div>\n\n\n\n<div class=\"wp-block-uagb-image uagb-block-b2808cc0 wp-block-uagb-image--layout-default wp-block-uagb-image--effect-static wp-block-uagb-image--align-none\"><figure class=\"wp-block-uagb-image__figure\"><img loading=\"lazy\" decoding=\"async\" srcset=\"https:\/\/servipumps.com\/wp-content\/uploads\/2025\/03\/IMG_5403.jpg ,https:\/\/servipumps.com\/wp-content\/uploads\/2025\/03\/IMG_5403.jpg 780w, https:\/\/servipumps.com\/wp-content\/uploads\/2025\/03\/IMG_5403.jpg 360w\" sizes=\"auto, (max-width: 480px) 150px\" src=\"https:\/\/servipumps.com\/wp-content\/uploads\/2025\/03\/IMG_5403.jpg\" alt=\"\" class=\"uag-image-291\" width=\"275\" height=\"183\" title=\"IMG_5403\" loading=\"lazy\" role=\"img\"\/><\/figure><\/div>\n<\/div>\n\n\n\n<div class=\"wp-block-uagb-container uagb-block-9fb1459b\">\n<div class=\"wp-block-uagb-image uagb-block-d3b9edd8 wp-block-uagb-image--layout-default wp-block-uagb-image--effect-static wp-block-uagb-image--align-none\"><figure class=\"wp-block-uagb-image__figure\"><img loading=\"lazy\" decoding=\"async\" srcset=\"https:\/\/servipumps.com\/wp-content\/uploads\/2025\/02\/a34ea53d-c329-467c-b771-3928426aa788.jpg ,https:\/\/servipumps.com\/wp-content\/uploads\/2025\/02\/a34ea53d-c329-467c-b771-3928426aa788.jpg 780w, https:\/\/servipumps.com\/wp-content\/uploads\/2025\/02\/a34ea53d-c329-467c-b771-3928426aa788.jpg 360w\" sizes=\"auto, (max-width: 480px) 150px\" src=\"https:\/\/servipumps.com\/wp-content\/uploads\/2025\/02\/a34ea53d-c329-467c-b771-3928426aa788.jpg\" alt=\"\" class=\"uag-image-261\" width=\"960\" height=\"640\" title=\"a34ea53d-c329-467c-b771-3928426aa788\" loading=\"lazy\" role=\"img\"\/><\/figure><\/div>\n\n\n\n<div class=\"wp-block-uagb-image uagb-block-108dc939 wp-block-uagb-image--layout-default wp-block-uagb-image--effect-static wp-block-uagb-image--align-none\"><figure class=\"wp-block-uagb-image__figure\"><img loading=\"lazy\" decoding=\"async\" srcset=\"https:\/\/servipumps.com\/wp-content\/uploads\/2024\/10\/IMG_2844-683x1024.jpg ,https:\/\/servipumps.com\/wp-content\/uploads\/2024\/10\/IMG_2844.jpg 780w, https:\/\/servipumps.com\/wp-content\/uploads\/2024\/10\/IMG_2844.jpg 360w\" sizes=\"auto, (max-width: 480px) 150px\" src=\"https:\/\/servipumps.com\/wp-content\/uploads\/2024\/10\/IMG_2844-683x1024.jpg\" alt=\"\" class=\"uag-image-122\" width=\"683\" height=\"1024\" title=\"IMG_2844\" loading=\"lazy\" role=\"img\"\/><\/figure><\/div>\n<\/div>\n<\/div>\n<\/div><\/div>\n\n\n\n<div class=\"wp-block-uagb-container uagb-block-3c795e40 alignfull uagb-is-root-container\"><div class=\"uagb-container-inner-blocks-wrap\">\n<div class=\"wp-block-uagb-info-box uagb-block-bd72b2fb uagb-infobox__content-wrap  uagb-infobox-icon-above-title uagb-infobox-image-valign-top\"><div class=\"uagb-ifb-content\"><div class=\"uagb-ifb-title-wrap\"><h2 class=\"uagb-ifb-title\">Para contactarnos<\/h2><\/div><div class=\"uagb-ifb-button-wrapper wp-block-button\"><a href=\"?page_id=17\" class=\"uagb-infobox-cta-link wp-block-button__link\" target=\"_self\" rel=\"noopener noreferrer\" onclick=\"return true;\"><span class=\"uagb-inline-editing\">Env\u00edanos un mail<\/span><svg xmlns=\"https:\/\/www.w3.org\/2000\/svg\" viewBox=\"0 0 448 512\"><path d=\"M438.6 278.6l-160 160C272.4 444.9 264.2 448 256 448s-16.38-3.125-22.62-9.375c-12.5-12.5-12.5-32.75 0-45.25L338.8 288H32C14.33 288 .0016 273.7 .0016 256S14.33 224 32 224h306.8l-105.4-105.4c-12.5-12.5-12.5-32.75 0-45.25s32.75-12.5 45.25 0l160 160C451.1 245.9 451.1 266.1 438.6 278.6z\"><\/path><\/svg><\/a><\/div><\/div><\/div>\n<\/div><\/div>\n\n\n\n<p><\/p>\n","protected":false},"excerpt":{"rendered":"<p>Nuestros servicios Nuestro trabajo<\/p>\n","protected":false},"author":2,"featured_media":0,"parent":0,"menu_order":0,"comment_status":"closed","ping_status":"closed","template":"","meta":{"_uag_custom_page_level_css":"","site-sidebar-layout":"default","site-content-layout":"","ast-site-content-layout":"default","site-content-style":"default","site-sidebar-style":"default","ast-global-header-display":"","ast-banner-title-visibility":"","ast-main-header-display":"","ast-hfb-above-header-display":"","ast-hfb-below-header-display":"","ast-hfb-mobile-header-display":"","site-post-title":"disabled","ast-breadcrumbs-content":"","ast-featured-img":"","footer-sml-layout":"","ast-disable-related-posts":"","theme-transparent-header-meta":"","adv-header-id-meta":"","stick-header-meta":"","header-above-stick-meta":"","header-main-stick-meta":"","header-below-stick-meta":"","astra-migrate-meta-layouts":"default","ast-page-background-enabled":"default","ast-page-background-meta":{"desktop":{"background-color":"var(--ast-global-color-4)","background-image":"","background-repeat":"repeat","background-position":"center center","background-size":"auto","background-attachment":"scroll","background-type":"","background-media":"","overlay-type":"","overlay-color":"","overlay-opacity":"","overlay-gradient":""},"tablet":{"background-color":"","background-image":"","background-repeat":"repeat","background-position":"center center","background-size":"auto","background-attachment":"scroll","background-type":"","background-media":"","overlay-type":"","overlay-color":"","overlay-opacity":"","overlay-gradient":""},"mobile":{"background-color":"","background-image":"","background-repeat":"repeat","background-position":"center center","background-size":"auto","background-attachment":"scroll","background-type":"","background-media":"","overlay-type":"","overlay-color":"","overlay-opacity":"","overlay-gradient":""}},"ast-content-background-meta":{"desktop":{"background-color":"var(--ast-global-color-5)","background-image":"","background-repeat":"repeat","background-position":"center center","background-size":"auto","background-attachment":"scroll","background-type":"","background-media":"","overlay-type":"","overlay-color":"","overlay-opacity":"","overlay-gradient":""},"tablet":{"background-color":"var(--ast-global-color-5)","background-image":"","background-repeat":"repeat","background-position":"center center","background-size":"auto","background-attachment":"scroll","background-type":"","background-media":"","overlay-type":"","overlay-color":"","overlay-opacity":"","overlay-gradient":""},"mobile":{"background-color":"var(--ast-global-color-5)","background-image":"","background-repeat":"repeat","background-position":"center center","background-size":"auto","background-attachment":"scroll","background-type":"","background-media":"","overlay-type":"","overlay-color":"","overlay-opacity":"","overlay-gradient":""}},"footnotes":""},"class_list":["post-11","page","type-page","status-publish","hentry"],"uagb_featured_image_src":{"full":false,"thumbnail":false,"medium":false,"medium_large":false,"large":false,"1536x1536":false,"2048x2048":false},"uagb_author_info":{"display_name":"Daniel Mora","author_link":"https:\/\/servipumps.com\/?author=2"},"uagb_comment_info":0,"uagb_excerpt":"Nuestros servicios Nuestro trabajo","_links":{"self":[{"href":"https:\/\/servipumps.com\/index.php?rest_route=\/wp\/v2\/pages\/11","targetHints":{"allow":["GET"]}}],"collection":[{"href":"https:\/\/servipumps.com\/index.php?rest_route=\/wp\/v2\/pages"}],"about":[{"href":"https:\/\/servipumps.com\/index.php?rest_route=\/wp\/v2\/types\/page"}],"author":[{"embeddable":true,"href":"https:\/\/servipumps.com\/index.php?rest_route=\/wp\/v2\/users\/2"}],"replies":[{"embeddable":true,"href":"https:\/\/servipumps.com\/index.php?rest_route=%2Fwp%2Fv2%2Fcomments&post=11"}],"version-history":[{"count":32,"href":"https:\/\/servipumps.com\/index.php?rest_route=\/wp\/v2\/pages\/11\/revisions"}],"predecessor-version":[{"id":406,"href":"https:\/\/servipumps.com\/index.php?rest_route=\/wp\/v2\/pages\/11\/revisions\/406"}],"wp:attachment":[{"href":"https:\/\/servipumps.com\/index.php?rest_route=%2Fwp%2Fv2%2Fmedia&parent=11"}],"curies":[{"name":"wp","href":"https:\/\/api.w.org\/{rel}","templated":true}]}}