{"id":13,"date":"2024-10-17T18:33:37","date_gmt":"2024-10-17T18:33:37","guid":{"rendered":"http:\/\/192.168.1.77:8000\/?page_id=13"},"modified":"2025-06-18T22:09:56","modified_gmt":"2025-06-18T22:09:56","slug":"nosotros","status":"publish","type":"page","link":"https:\/\/servipumps.com\/?page_id=13","title":{"rendered":"Nosotros"},"content":{"rendered":"\n<div class=\"wp-block-uagb-container uagb-block-ddbe5c65 alignfull uagb-is-root-container\"><div class=\"uagb-container-inner-blocks-wrap\">\n<div class=\"wp-block-uagb-advanced-heading uagb-block-fa4e7c56\"><h1 class=\"uagb-heading-text\">Acerca de nosotros<\/h1><p class=\"uagb-desc-text\">En Servipumps S.A. de C.V., nos dedicamos a ofrecer un servicio r\u00e1pido y de alta calidad. Puede confiar plenamente en nosotros para el mantenimiento de sus equipos, ya sea una bomba simple o compleja.<\/p><\/div>\n\n\n\n<p><\/p>\n<\/div><\/div>\n\n\n\n<div class=\"wp-block-uagb-container uagb-block-f4853f72 alignfull uagb-is-root-container\"><div class=\"uagb-container-inner-blocks-wrap\">\n<div class=\"wp-block-uagb-image uagb-block-066e3443 wp-block-uagb-image--layout-default wp-block-uagb-image--effect-static wp-block-uagb-image--align-none\"><figure class=\"wp-block-uagb-image__figure\"><img loading=\"lazy\" decoding=\"async\" srcset=\"https:\/\/servipumps.com\/wp-content\/uploads\/2025\/05\/IMG_3236.jpg ,https:\/\/servipumps.com\/wp-content\/uploads\/2025\/05\/IMG_3236.jpg 780w, https:\/\/servipumps.com\/wp-content\/uploads\/2025\/05\/IMG_3236.jpg 360w\" sizes=\"auto, (max-width: 480px) 150px\" src=\"https:\/\/servipumps.com\/wp-content\/uploads\/2025\/05\/IMG_3236.jpg\" alt=\"\" class=\"uag-image-339\" width=\"560\" height=\"440\" title=\"IMG_3236\" loading=\"lazy\" role=\"img\"\/><\/figure><\/div>\n\n\n\n<div class=\"wp-block-uagb-container uagb-block-959de5be\">\n<div class=\"wp-block-uagb-advanced-heading uagb-block-a679106e\"><h2 class=\"uagb-heading-text\">Nuestra misi\u00f3n<\/h2><p class=\"uagb-desc-text\">Es una empresa mexicana dedicada y comprometida en el mercado de servicio, mantenimiento y reparaci\u00f3n de bombas centr\u00edfugas enfocada al logro de relaciones duraderas con los clientes m\u00e1s exigentes. <\/p><\/div>\n<\/div>\n<\/div><\/div>\n\n\n\n<div class=\"wp-block-columns is-layout-flex wp-container-core-columns-is-layout-28f84493 wp-block-columns-is-layout-flex\">\n<div class=\"wp-block-column is-layout-flow wp-block-column-is-layout-flow\" style=\"flex-basis:100%\">\n<div class=\"wp-block-uagb-container uagb-layout-grid uagb-block-395f69b9 alignfull uagb-is-root-container\">\n<div class=\"wp-block-uagb-advanced-heading uagb-block-992e1d53\"><h3 class=\"uagb-heading-text\">Nuestra Visi\u00f3n<\/h3><p class=\"uagb-desc-text\">Consolidarnos en el mercado nacional e internacional en reparaci\u00f3n de bombas para la industria petrolera y de energ\u00eda proporcionando un servicio de calidad, bajo costo y satisfacci\u00f3n total.<\/p><\/div>\n\n\n\n<div class=\"wp-block-uagb-container uagb-block-6d4e5b67\">\n<div class=\"wp-block-uagb-advanced-heading uagb-block-bbe91d67\"><h3 class=\"uagb-heading-text\">Valores de la marca<\/h3><\/div>\n\n\n\n<ul class=\"wp-block-list\">\n<li>Calidad<\/li>\n\n\n\n<li>Compromiso<\/li>\n\n\n\n<li>Lealtad<\/li>\n\n\n\n<li>Seguridad<\/li>\n<\/ul>\n<\/div>\n<\/div>\n<\/div>\n<\/div>\n\n\n\n<div class=\"wp-block-uagb-container uagb-layout-flex uagb-block-cd23d4e7 alignfull uagb-is-root-container\"><div class=\"uagb-container-inner-blocks-wrap\">\n<div class=\"wp-block-uagb-container uagb-block-38ac57af\">\n<div class=\"wp-block-uagb-advanced-heading uagb-block-ab8e889b\"><h2 class=\"uagb-heading-text\">Pol\u00edtica de Calidad<\/h2><p class=\"uagb-desc-text\">En Servipumps, S.A. de C.V., nos comprometemos a aumentar la satisfacci\u00f3n de nuestros clientes, mediante el cumplimiento a los requerimientos de desempe\u00f1o hidr\u00e1ulico, mec\u00e1nico y din\u00e1mico. En la operaci\u00f3n continua y confiable de equipos de bombeo para la industria energ\u00e9tica y petrolera, que obedezca a sus necesidades de servicio, calidad y bajo costo buscando siempre la satisfacci\u00f3n total; bajo el contexto de mejora continua de la norma internacional <strong>ISO 9001:2015 \/ NMX-CC-9001-IMNC-2015.<\/strong><\/p><\/div>\n\n\n\n<div class=\"wp-block-uagb-modal uagb-block-45d57af6 uagb-modal-wrapper\" data-escpress=\"enable\" data-overlayclick=\"disable\"><div class=\"uagb-spectra-button-wrapper wp-block-button\"><a class=\"uagb-modal-button-link wp-block-button__link uagb-modal-trigger\" href=\"#\" onclick=\"return false;\" target=\"_self\" rel=\"noopener noreferrer\"><span class=\"uagb-modal-content-wrapper\"><span class=\"uagb-inline-editing\">Certificaciones<\/span><\/span><\/a><\/div><div class=\"uagb-effect-default uagb-modal-popup uagb-block-45d57af6 uagb-modal-type-undefined\"><div class=\"uagb-modal-popup-wrap\"><div class=\"uagb-modal-popup-content\">\n<p><\/p>\n\n\n\n<figure class=\"wp-block-image size-full\"><img fetchpriority=\"high\" decoding=\"async\" width=\"2290\" height=\"992\" src=\"https:\/\/servipumps.com\/wp-content\/uploads\/2025\/01\/Certificaciones.png\" alt=\"\" class=\"wp-image-233\"\/><\/figure>\n<\/div><button class=\"uagb-modal-popup-close\" aria-label=\"Close Modal\"><svg xmlns=\"https:\/\/www.w3.org\/2000\/svg\" viewBox=\"0 0 320 512\"><path d=\"M310.6 361.4c12.5 12.5 12.5 32.75 0 45.25C304.4 412.9 296.2 416 288 416s-16.38-3.125-22.62-9.375L160 301.3L54.63 406.6C48.38 412.9 40.19 416 32 416S15.63 412.9 9.375 406.6c-12.5-12.5-12.5-32.75 0-45.25l105.4-105.4L9.375 150.6c-12.5-12.5-12.5-32.75 0-45.25s32.75-12.5 45.25 0L160 210.8l105.4-105.4c12.5-12.5 32.75-12.5 45.25 0s12.5 32.75 0 45.25l-105.4 105.4L310.6 361.4z\"><\/path><\/svg><\/button><\/div><\/div><\/div>\n<\/div>\n\n\n\n<div class=\"wp-block-uagb-image alignright uagb-block-1bba2fd8 wp-block-uagb-image--layout-default wp-block-uagb-image--effect-static wp-block-uagb-image--align-right\"><figure class=\"wp-block-uagb-image__figure\"><img loading=\"lazy\" decoding=\"async\" srcset=\"https:\/\/servipumps.com\/wp-content\/uploads\/2025\/05\/IMG_3233.jpg ,https:\/\/servipumps.com\/wp-content\/uploads\/2025\/05\/IMG_3233.jpg 780w, https:\/\/servipumps.com\/wp-content\/uploads\/2025\/05\/IMG_3233.jpg 360w\" sizes=\"auto, (max-width: 480px) 150px\" src=\"https:\/\/servipumps.com\/wp-content\/uploads\/2025\/05\/IMG_3233.jpg\" alt=\"\" class=\"uag-image-336\" width=\"567\" height=\"400\" title=\"IMG_3233\" loading=\"lazy\" role=\"img\"\/><\/figure><\/div>\n<\/div><\/div>\n\n\n\n<p><\/p>\n","protected":false},"excerpt":{"rendered":"<p>Acerca de nosotros En Servipumps S.A. de C.V., nos dedicamos a ofrecer un servicio r\u00e1pido y de alta calidad. Puede confiar plenamente en nosotros para el mantenimiento de sus equipos, ya sea una bomba simple o compleja. Nuestra misi\u00f3n Es una empresa mexicana dedicada y comprometida en el mercado de servicio, mantenimiento y reparaci\u00f3n de bombas centr\u00edfugas enfocada al logro de relaciones duraderas con los clientes m\u00e1s exigentes. Nuestra Visi\u00f3n Consolidarnos en el mercado nacional e internacional en reparaci\u00f3n de bombas para la industria petrolera y de energ\u00eda proporcionando un servicio de calidad, bajo costo y satisfacci\u00f3n total. Valores de la marca Pol\u00edtica de Calidad En Servipumps, S.A. de C.V., nos comprometemos a aumentar la satisfacci\u00f3n de nuestros clientes, mediante el cumplimiento a los requerimientos de desempe\u00f1o hidr\u00e1ulico, mec\u00e1nico y din\u00e1mico. En la operaci\u00f3n continua y confiable de equipos de bombeo para la industria energ\u00e9tica y petrolera, que obedezca a sus necesidades de servicio, calidad y bajo costo buscando siempre la satisfacci\u00f3n total; bajo el contexto de mejora continua de la norma internacional ISO 9001:2015 \/ NMX-CC-9001-IMNC-2015.<\/p>\n","protected":false},"author":2,"featured_media":0,"parent":0,"menu_order":0,"comment_status":"closed","ping_status":"closed","template":"","meta":{"_uag_custom_page_level_css":"","site-sidebar-layout":"default","site-content-layout":"","ast-site-content-layout":"default","site-content-style":"default","site-sidebar-style":"default","ast-global-header-display":"","ast-banner-title-visibility":"","ast-main-header-display":"","ast-hfb-above-header-display":"","ast-hfb-below-header-display":"","ast-hfb-mobile-header-display":"","site-post-title":"disabled","ast-breadcrumbs-content":"","ast-featured-img":"","footer-sml-layout":"","ast-disable-related-posts":"","theme-transparent-header-meta":"","adv-header-id-meta":"","stick-header-meta":"","header-above-stick-meta":"","header-main-stick-meta":"","header-below-stick-meta":"","astra-migrate-meta-layouts":"default","ast-page-background-enabled":"default","ast-page-background-meta":{"desktop":{"background-color":"var(--ast-global-color-4)","background-image":"","background-repeat":"repeat","background-position":"center center","background-size":"auto","background-attachment":"scroll","background-type":"","background-media":"","overlay-type":"","overlay-color":"","overlay-opacity":"","overlay-gradient":""},"tablet":{"background-color":"","background-image":"","background-repeat":"repeat","background-position":"center center","background-size":"auto","background-attachment":"scroll","background-type":"","background-media":"","overlay-type":"","overlay-color":"","overlay-opacity":"","overlay-gradient":""},"mobile":{"background-color":"","background-image":"","background-repeat":"repeat","background-position":"center center","background-size":"auto","background-attachment":"scroll","background-type":"","background-media":"","overlay-type":"","overlay-color":"","overlay-opacity":"","overlay-gradient":""}},"ast-content-background-meta":{"desktop":{"background-color":"var(--ast-global-color-5)","background-image":"","background-repeat":"repeat","background-position":"center center","background-size":"auto","background-attachment":"scroll","background-type":"","background-media":"","overlay-type":"","overlay-color":"","overlay-opacity":"","overlay-gradient":""},"tablet":{"background-color":"var(--ast-global-color-5)","background-image":"","background-repeat":"repeat","background-position":"center center","background-size":"auto","background-attachment":"scroll","background-type":"","background-media":"","overlay-type":"","overlay-color":"","overlay-opacity":"","overlay-gradient":""},"mobile":{"background-color":"var(--ast-global-color-5)","background-image":"","background-repeat":"repeat","background-position":"center center","background-size":"auto","background-attachment":"scroll","background-type":"","background-media":"","overlay-type":"","overlay-color":"","overlay-opacity":"","overlay-gradient":""}},"footnotes":""},"class_list":["post-13","page","type-page","status-publish","hentry"],"uagb_featured_image_src":{"full":false,"thumbnail":false,"medium":false,"medium_large":false,"large":false,"1536x1536":false,"2048x2048":false},"uagb_author_info":{"display_name":"Daniel Mora","author_link":"https:\/\/servipumps.com\/?author=2"},"uagb_comment_info":0,"uagb_excerpt":"Acerca de nosotros En Servipumps S.A. de C.V., nos dedicamos a ofrecer un servicio r\u00e1pido y de alta calidad. Puede confiar plenamente en nosotros para el mantenimiento de sus equipos, ya sea una bomba simple o compleja. Nuestra misi\u00f3n Es una empresa mexicana dedicada y comprometida en el mercado de servicio, mantenimiento y reparaci\u00f3n de&hellip;","_links":{"self":[{"href":"https:\/\/servipumps.com\/index.php?rest_route=\/wp\/v2\/pages\/13","targetHints":{"allow":["GET"]}}],"collection":[{"href":"https:\/\/servipumps.com\/index.php?rest_route=\/wp\/v2\/pages"}],"about":[{"href":"https:\/\/servipumps.com\/index.php?rest_route=\/wp\/v2\/types\/page"}],"author":[{"embeddable":true,"href":"https:\/\/servipumps.com\/index.php?rest_route=\/wp\/v2\/users\/2"}],"replies":[{"embeddable":true,"href":"https:\/\/servipumps.com\/index.php?rest_route=%2Fwp%2Fv2%2Fcomments&post=13"}],"version-history":[{"count":16,"href":"https:\/\/servipumps.com\/index.php?rest_route=\/wp\/v2\/pages\/13\/revisions"}],"predecessor-version":[{"id":414,"href":"https:\/\/servipumps.com\/index.php?rest_route=\/wp\/v2\/pages\/13\/revisions\/414"}],"wp:attachment":[{"href":"https:\/\/servipumps.com\/index.php?rest_route=%2Fwp%2Fv2%2Fmedia&parent=13"}],"curies":[{"name":"wp","href":"https:\/\/api.w.org\/{rel}","templated":true}]}}