{"id":417,"date":"2026-05-13T00:45:23","date_gmt":"2026-05-13T00:45:23","guid":{"rendered":"https:\/\/servipumps.com\/?page_id=417"},"modified":"2026-05-13T23:12:21","modified_gmt":"2026-05-13T23:12:21","slug":"elementor-417","status":"publish","type":"page","link":"https:\/\/servipumps.com\/?page_id=417","title":{"rendered":"Aviso de privacidad"},"content":{"rendered":"\t\t<div data-elementor-type=\"wp-page\" data-elementor-id=\"417\" class=\"elementor elementor-417\">\n\t\t\t\t<div class=\"elementor-element elementor-element-6f3fb84 e-flex e-con-boxed wpr-particle-no wpr-jarallax-no wpr-parallax-no wpr-sticky-section-no wpr-column-slider-no wpr-equal-height-no e-con e-parent\" data-id=\"6f3fb84\" data-element_type=\"container\" data-e-type=\"container\">\n\t\t\t\t\t<div class=\"e-con-inner\">\n\t\t\t\t<div class=\"elementor-element elementor-element-b53bfeb elementor-widget elementor-widget-text-editor\" data-id=\"b53bfeb\" data-element_type=\"widget\" data-e-type=\"widget\" data-widget_type=\"text-editor.default\">\n\t\t\t\t<div class=\"elementor-widget-container\">\n\t\t\t\t\t\t\t\t\t<h1>\u00a0<\/h1><h1>Aviso de privacidad<\/h1>\t\t\t\t\t\t\t\t<\/div>\n\t\t\t\t<\/div>\n\t\t\t\t\t<\/div>\n\t\t\t\t<\/div>\n\t\t<div class=\"elementor-element elementor-element-a21cbaa e-flex e-con-boxed wpr-particle-no wpr-jarallax-no wpr-parallax-no wpr-sticky-section-no wpr-column-slider-no wpr-equal-height-no e-con e-parent\" data-id=\"a21cbaa\" data-element_type=\"container\" data-e-type=\"container\">\n\t\t\t\t\t<div class=\"e-con-inner\">\n\t\t\t\t<div class=\"elementor-element elementor-element-9e54f10 elementor-widget elementor-widget-text-editor\" data-id=\"9e54f10\" data-element_type=\"widget\" data-e-type=\"widget\" data-widget_type=\"text-editor.default\">\n\t\t\t\t<div class=\"elementor-widget-container\">\n\t\t\t\t\t\t\t\t\t<p data-start=\"251\" data-end=\"476\"><b>SERVIPUMPS SA de CV<\/b>, es responsable del tratamiento de sus datos personales conforme a la Ley Federal de Protecci\u00f3n de Datos Personales en Posesi\u00f3n de los Particulares.<\/p><p data-start=\"478\" data-end=\"639\">Los datos personales que recabamos podr\u00e1n incluir informaci\u00f3n de identificaci\u00f3n, contacto, laboral, fiscal, financiera y administrativa, y ser\u00e1n utilizados para:<\/p><ul data-start=\"641\" data-end=\"886\"><li data-section-id=\"1qfhgro\" data-start=\"641\" data-end=\"676\">Gesti\u00f3n administrativa y contable<\/li><li data-section-id=\"hrac3x\" data-start=\"677\" data-end=\"712\">Relaci\u00f3n laboral y pago de n\u00f3mina<\/li><li data-section-id=\"103l6u0\" data-start=\"713\" data-end=\"748\">Facturaci\u00f3n y cumplimiento fiscal<\/li><li data-section-id=\"11r7fta\" data-start=\"749\" data-end=\"791\">Administraci\u00f3n de clientes y proveedores<\/li><li data-section-id=\"6mgohq\" data-start=\"792\" data-end=\"831\">Acceso y control de sistemas internos<\/li><li data-section-id=\"1ie1fjk\" data-start=\"832\" data-end=\"886\">Cumplimiento de obligaciones legales y contractuales<\/li><\/ul><p data-start=\"888\" data-end=\"1058\">Sus datos podr\u00e1n ser compartidos \u00fanicamente cuando exista obligaci\u00f3n legal o sea necesario para la prestaci\u00f3n de servicios relacionados con las operaciones de la Empresa.<\/p><p data-start=\"1060\" data-end=\"1234\">Usted puede ejercer sus<b> <\/b>derechos de Acceso, Rectificaci\u00f3n, Cancelaci\u00f3n u Oposici\u00f3n (ARCO), as\u00ed como conocer el Aviso de Privacidad Integral, enviando una solicitud al correo<b> contacto@servipumps.com<\/b><\/p>\t\t\t\t\t\t\t\t<\/div>\n\t\t\t\t<\/div>\n\t\t\t\t\t<\/div>\n\t\t\t\t<\/div>\n\t\t\t\t<\/div>\n\t\t","protected":false},"excerpt":{"rendered":"<p>\u00a0 Aviso de privacidad SERVIPUMPS SA de CV, es responsable del tratamiento de sus datos personales conforme a la Ley Federal de Protecci\u00f3n de Datos Personales en Posesi\u00f3n de los Particulares. Los datos personales que recabamos podr\u00e1n incluir informaci\u00f3n de identificaci\u00f3n, contacto, laboral, fiscal, financiera y administrativa, y ser\u00e1n utilizados para: Gesti\u00f3n administrativa y contable Relaci\u00f3n laboral y pago de n\u00f3mina Facturaci\u00f3n y cumplimiento fiscal Administraci\u00f3n de clientes y proveedores Acceso y control de sistemas internos Cumplimiento de obligaciones legales y contractuales Sus datos podr\u00e1n ser compartidos \u00fanicamente cuando exista obligaci\u00f3n legal o sea necesario para la prestaci\u00f3n de servicios relacionados con las operaciones de la Empresa. Usted puede ejercer sus derechos de Acceso, Rectificaci\u00f3n, Cancelaci\u00f3n u Oposici\u00f3n (ARCO), as\u00ed como conocer el Aviso de Privacidad Integral, enviando una solicitud al correo contacto@servipumps.com<\/p>\n","protected":false},"author":2,"featured_media":0,"parent":0,"menu_order":0,"comment_status":"closed","ping_status":"closed","template":"","meta":{"_uag_custom_page_level_css":"","site-sidebar-layout":"no-sidebar","site-content-layout":"","ast-site-content-layout":"full-width-container","site-content-style":"default","site-sidebar-style":"default","ast-global-header-display":"","ast-banner-title-visibility":"","ast-main-header-display":"","ast-hfb-above-header-display":"","ast-hfb-below-header-display":"","ast-hfb-mobile-header-display":"","site-post-title":"disabled","ast-breadcrumbs-content":"","ast-featured-img":"disabled","footer-sml-layout":"","ast-disable-related-posts":"","theme-transparent-header-meta":"","adv-header-id-meta":"","stick-header-meta":"","header-above-stick-meta":"","header-main-stick-meta":"","header-below-stick-meta":"","astra-migrate-meta-layouts":"default","ast-page-background-enabled":"default","ast-page-background-meta":{"desktop":{"background-color":"var(--ast-global-color-4)","background-image":"","background-repeat":"repeat","background-position":"center center","background-size":"auto","background-attachment":"scroll","background-type":"","background-media":"","overlay-type":"","overlay-color":"","overlay-opacity":"","overlay-gradient":""},"tablet":{"background-color":"","background-image":"","background-repeat":"repeat","background-position":"center center","background-size":"auto","background-attachment":"scroll","background-type":"","background-media":"","overlay-type":"","overlay-color":"","overlay-opacity":"","overlay-gradient":""},"mobile":{"background-color":"","background-image":"","background-repeat":"repeat","background-position":"center center","background-size":"auto","background-attachment":"scroll","background-type":"","background-media":"","overlay-type":"","overlay-color":"","overlay-opacity":"","overlay-gradient":""}},"ast-content-background-meta":{"desktop":{"background-color":"var(--ast-global-color-5)","background-image":"","background-repeat":"repeat","background-position":"center center","background-size":"auto","background-attachment":"scroll","background-type":"","background-media":"","overlay-type":"","overlay-color":"","overlay-opacity":"","overlay-gradient":""},"tablet":{"background-color":"var(--ast-global-color-5)","background-image":"","background-repeat":"repeat","background-position":"center center","background-size":"auto","background-attachment":"scroll","background-type":"","background-media":"","overlay-type":"","overlay-color":"","overlay-opacity":"","overlay-gradient":""},"mobile":{"background-color":"var(--ast-global-color-5)","background-image":"","background-repeat":"repeat","background-position":"center center","background-size":"auto","background-attachment":"scroll","background-type":"","background-media":"","overlay-type":"","overlay-color":"","overlay-opacity":"","overlay-gradient":""}},"footnotes":""},"class_list":["post-417","page","type-page","status-publish","hentry"],"uagb_featured_image_src":{"full":false,"thumbnail":false,"medium":false,"medium_large":false,"large":false,"1536x1536":false,"2048x2048":false},"uagb_author_info":{"display_name":"Daniel Mora","author_link":"https:\/\/servipumps.com\/?author=2"},"uagb_comment_info":0,"uagb_excerpt":"\u00a0 Aviso de privacidad SERVIPUMPS SA de CV, es responsable del tratamiento de sus datos personales conforme a la Ley Federal de Protecci\u00f3n de Datos Personales en Posesi\u00f3n de los Particulares. Los datos personales que recabamos podr\u00e1n incluir informaci\u00f3n de identificaci\u00f3n, contacto, laboral, fiscal, financiera y administrativa, y ser\u00e1n utilizados para: Gesti\u00f3n administrativa y contable&hellip;","_links":{"self":[{"href":"https:\/\/servipumps.com\/index.php?rest_route=\/wp\/v2\/pages\/417","targetHints":{"allow":["GET"]}}],"collection":[{"href":"https:\/\/servipumps.com\/index.php?rest_route=\/wp\/v2\/pages"}],"about":[{"href":"https:\/\/servipumps.com\/index.php?rest_route=\/wp\/v2\/types\/page"}],"author":[{"embeddable":true,"href":"https:\/\/servipumps.com\/index.php?rest_route=\/wp\/v2\/users\/2"}],"replies":[{"embeddable":true,"href":"https:\/\/servipumps.com\/index.php?rest_route=%2Fwp%2Fv2%2Fcomments&post=417"}],"version-history":[{"count":8,"href":"https:\/\/servipumps.com\/index.php?rest_route=\/wp\/v2\/pages\/417\/revisions"}],"predecessor-version":[{"id":425,"href":"https:\/\/servipumps.com\/index.php?rest_route=\/wp\/v2\/pages\/417\/revisions\/425"}],"wp:attachment":[{"href":"https:\/\/servipumps.com\/index.php?rest_route=%2Fwp%2Fv2%2Fmedia&parent=417"}],"curies":[{"name":"wp","href":"https:\/\/api.w.org\/{rel}","templated":true}]}}